{"id":1480,"date":"2025-05-29T17:33:35","date_gmt":"2025-05-29T17:33:35","guid":{"rendered":"https:\/\/www.anssisaiha.fi\/?page_id=1480"},"modified":"2025-05-29T18:14:20","modified_gmt":"2025-05-29T18:14:20","slug":"aikuisten-roolit-liikkumisen-edistajana","status":"publish","type":"page","link":"https:\/\/www.anssisaiha.fi\/index.php\/materiaalipankki-2\/aikuisten-roolit-liikkumisen-edistajana\/","title":{"rendered":"Aikuisten roolit liikkumisen edist\u00e4j\u00e4n\u00e4"},"content":{"rendered":"<p><div class=\"fusion-fullwidth fullwidth-box fusion-builder-row-1 fusion-flex-container nonhundred-percent-fullwidth non-hundred-percent-height-scrolling\" style=\"--awb-border-radius-top-left:0px;--awb-border-radius-top-right:0px;--awb-border-radius-bottom-right:0px;--awb-border-radius-bottom-left:0px;--awb-margin-bottom:30px;--awb-flex-wrap:wrap;\" ><div class=\"fusion-builder-row fusion-row fusion-flex-align-items-flex-start fusion-flex-content-wrap\" style=\"max-width:1248px;margin-left: calc(-4% \/ 2 );margin-right: calc(-4% \/ 2 );\"><div class=\"fusion-layout-column fusion_builder_column fusion-builder-column-0 fusion_builder_column_1_1 1_1 fusion-flex-column\" style=\"--awb-bg-blend:overlay;--awb-bg-size:cover;--awb-width-large:100%;--awb-margin-top-large:0px;--awb-spacing-right-large:1.92%;--awb-margin-bottom-large:0px;--awb-spacing-left-large:1.92%;--awb-width-medium:100%;--awb-spacing-right-medium:1.92%;--awb-spacing-left-medium:1.92%;--awb-width-small:100%;--awb-spacing-right-small:1.92%;--awb-spacing-left-small:1.92%;\"><div class=\"fusion-column-wrapper fusion-flex-justify-content-flex-start fusion-content-layout-column\"><div class=\"fusion-title title fusion-title-1 fusion-sep-none fusion-title-center fusion-title-text fusion-title-size-four\" style=\"--awb-margin-bottom:40px;--awb-margin-top-small:10px;--awb-margin-right-small:0px;--awb-margin-bottom-small:10px;--awb-margin-left-small:0px;--awb-font-size:35px;\"><h4 class=\"fusion-title-heading title-heading-center fusion-responsive-typography-calculated\" style=\"margin:0;font-size:1em;--fontSize:35;line-height:var(--awb-typography1-line-height);\">Aikuisten roolit liikkumisen edist\u00e4j\u00e4n\u00e4<\/h4><\/div><\/div><\/div><\/div><\/div><div class=\"fusion-fullwidth fullwidth-box fusion-builder-row-2 fusion-flex-container has-pattern-background has-mask-background nonhundred-percent-fullwidth non-hundred-percent-height-scrolling\" style=\"--awb-border-radius-top-left:0px;--awb-border-radius-top-right:0px;--awb-border-radius-bottom-right:0px;--awb-border-radius-bottom-left:0px;--awb-flex-wrap:wrap;\" ><div class=\"fusion-builder-row fusion-row fusion-flex-align-items-flex-start fusion-flex-content-wrap\" style=\"max-width:1248px;margin-left: calc(-4% \/ 2 );margin-right: calc(-4% \/ 2 );\"><div class=\"fusion-layout-column fusion_builder_column fusion-builder-column-1 fusion_builder_column_1_1 1_1 fusion-flex-column\" style=\"--awb-bg-size:cover;--awb-width-large:100%;--awb-margin-top-large:0px;--awb-spacing-right-large:1.92%;--awb-margin-bottom-large:20px;--awb-spacing-left-large:1.92%;--awb-width-medium:100%;--awb-order-medium:0;--awb-spacing-right-medium:1.92%;--awb-spacing-left-medium:1.92%;--awb-width-small:100%;--awb-order-small:0;--awb-spacing-right-small:1.92%;--awb-spacing-left-small:1.92%;\"><div class=\"fusion-column-wrapper fusion-column-has-shadow fusion-flex-justify-content-flex-start fusion-content-layout-block\"><div class=\"fusion-slider-sc fusion-flexslider-loading flexslider fusion-aligncenter flexslider-hover-type-none fusion-slider-sc-cover\" data-slideshow_autoplay=\"0\" data-slideshow_smooth_height=\"1\" data-slideshow_speed=\"20000\" style=\"max-width:700px;height:900px;\"><ul class=\"slides\"><li class=\"image\"><span class=\"lazyload fusion-image-hover-element hover-type-none\"><img decoding=\"async\" src=\"https:\/\/www.anssisaiha.fi\/wp-content\/uploads\/2025\/05\/ROOLIT_20250529_185851_0000.png\" data-orig-src=\"https:\/\/www.anssisaiha.fi\/wp-content\/uploads\/2025\/05\/ROOLIT_20250529_185851_0000.png\" width=\"1080\" height=\"1350\" class=\"lazyload wp-image-1482\" srcset=\"data:image\/svg+xml,%3Csvg%20xmlns%3D%27http%3A%2F%2Fwww.w3.org%2F2000%2Fsvg%27%20width%3D%271080%27%20height%3D%271350%27%20viewBox%3D%270%200%201080%201350%27%3E%3Crect%20width%3D%271080%27%20height%3D%271350%27%20fill-opacity%3D%220%22%2F%3E%3C%2Fsvg%3E\" data-srcset=\"https:\/\/www.anssisaiha.fi\/wp-content\/uploads\/2025\/05\/ROOLIT_20250529_185851_0000-200x250.png 200w, https:\/\/www.anssisaiha.fi\/wp-content\/uploads\/2025\/05\/ROOLIT_20250529_185851_0000-400x500.png 400w, https:\/\/www.anssisaiha.fi\/wp-content\/uploads\/2025\/05\/ROOLIT_20250529_185851_0000-600x750.png 600w, https:\/\/www.anssisaiha.fi\/wp-content\/uploads\/2025\/05\/ROOLIT_20250529_185851_0000-800x1000.png 800w, https:\/\/www.anssisaiha.fi\/wp-content\/uploads\/2025\/05\/ROOLIT_20250529_185851_0000.png 1080w\" data-sizes=\"auto\" data-orig-sizes=\"(max-width: 900px) 100vw, 1080px\" \/><\/span><\/li><li class=\"image\"><span class=\"lazyload fusion-image-hover-element hover-type-none\"><img decoding=\"async\" src=\"https:\/\/www.anssisaiha.fi\/wp-content\/uploads\/2025\/05\/ROOLIT_20250529_185851_0001.png\" data-orig-src=\"https:\/\/www.anssisaiha.fi\/wp-content\/uploads\/2025\/05\/ROOLIT_20250529_185851_0001.png\" width=\"1080\" height=\"1350\" class=\"lazyload wp-image-1483\" srcset=\"data:image\/svg+xml,%3Csvg%20xmlns%3D%27http%3A%2F%2Fwww.w3.org%2F2000%2Fsvg%27%20width%3D%271080%27%20height%3D%271350%27%20viewBox%3D%270%200%201080%201350%27%3E%3Crect%20width%3D%271080%27%20height%3D%271350%27%20fill-opacity%3D%220%22%2F%3E%3C%2Fsvg%3E\" data-srcset=\"https:\/\/www.anssisaiha.fi\/wp-content\/uploads\/2025\/05\/ROOLIT_20250529_185851_0001-200x250.png 200w, https:\/\/www.anssisaiha.fi\/wp-content\/uploads\/2025\/05\/ROOLIT_20250529_185851_0001-400x500.png 400w, https:\/\/www.anssisaiha.fi\/wp-content\/uploads\/2025\/05\/ROOLIT_20250529_185851_0001-600x750.png 600w, https:\/\/www.anssisaiha.fi\/wp-content\/uploads\/2025\/05\/ROOLIT_20250529_185851_0001-800x1000.png 800w, https:\/\/www.anssisaiha.fi\/wp-content\/uploads\/2025\/05\/ROOLIT_20250529_185851_0001.png 1080w\" data-sizes=\"auto\" data-orig-sizes=\"(max-width: 900px) 100vw, 1080px\" \/><\/span><\/li><li class=\"image\"><span class=\"lazyload fusion-image-hover-element hover-type-none\"><img decoding=\"async\" src=\"https:\/\/www.anssisaiha.fi\/wp-content\/uploads\/2025\/05\/ROOLIT_20250529_185851_0002.png\" data-orig-src=\"https:\/\/www.anssisaiha.fi\/wp-content\/uploads\/2025\/05\/ROOLIT_20250529_185851_0002.png\" width=\"1080\" height=\"1350\" class=\"lazyload wp-image-1484\" srcset=\"data:image\/svg+xml,%3Csvg%20xmlns%3D%27http%3A%2F%2Fwww.w3.org%2F2000%2Fsvg%27%20width%3D%271080%27%20height%3D%271350%27%20viewBox%3D%270%200%201080%201350%27%3E%3Crect%20width%3D%271080%27%20height%3D%271350%27%20fill-opacity%3D%220%22%2F%3E%3C%2Fsvg%3E\" data-srcset=\"https:\/\/www.anssisaiha.fi\/wp-content\/uploads\/2025\/05\/ROOLIT_20250529_185851_0002-200x250.png 200w, https:\/\/www.anssisaiha.fi\/wp-content\/uploads\/2025\/05\/ROOLIT_20250529_185851_0002-400x500.png 400w, https:\/\/www.anssisaiha.fi\/wp-content\/uploads\/2025\/05\/ROOLIT_20250529_185851_0002-600x750.png 600w, https:\/\/www.anssisaiha.fi\/wp-content\/uploads\/2025\/05\/ROOLIT_20250529_185851_0002-800x1000.png 800w, https:\/\/www.anssisaiha.fi\/wp-content\/uploads\/2025\/05\/ROOLIT_20250529_185851_0002.png 1080w\" data-sizes=\"auto\" data-orig-sizes=\"(max-width: 900px) 100vw, 1080px\" \/><\/span><\/li><li class=\"image\"><span class=\"lazyload fusion-image-hover-element hover-type-none\"><img decoding=\"async\" src=\"https:\/\/www.anssisaiha.fi\/wp-content\/uploads\/2025\/05\/ROOLIT_20250529_185851_0003.png\" data-orig-src=\"https:\/\/www.anssisaiha.fi\/wp-content\/uploads\/2025\/05\/ROOLIT_20250529_185851_0003.png\" width=\"1080\" height=\"1350\" class=\"lazyload wp-image-1485\" srcset=\"data:image\/svg+xml,%3Csvg%20xmlns%3D%27http%3A%2F%2Fwww.w3.org%2F2000%2Fsvg%27%20width%3D%271080%27%20height%3D%271350%27%20viewBox%3D%270%200%201080%201350%27%3E%3Crect%20width%3D%271080%27%20height%3D%271350%27%20fill-opacity%3D%220%22%2F%3E%3C%2Fsvg%3E\" data-srcset=\"https:\/\/www.anssisaiha.fi\/wp-content\/uploads\/2025\/05\/ROOLIT_20250529_185851_0003-200x250.png 200w, https:\/\/www.anssisaiha.fi\/wp-content\/uploads\/2025\/05\/ROOLIT_20250529_185851_0003-400x500.png 400w, https:\/\/www.anssisaiha.fi\/wp-content\/uploads\/2025\/05\/ROOLIT_20250529_185851_0003-600x750.png 600w, https:\/\/www.anssisaiha.fi\/wp-content\/uploads\/2025\/05\/ROOLIT_20250529_185851_0003-800x1000.png 800w, https:\/\/www.anssisaiha.fi\/wp-content\/uploads\/2025\/05\/ROOLIT_20250529_185851_0003.png 1080w\" data-sizes=\"auto\" data-orig-sizes=\"(max-width: 900px) 100vw, 1080px\" \/><\/span><\/li><li class=\"image\"><span class=\"lazyload fusion-image-hover-element hover-type-none\"><img decoding=\"async\" src=\"https:\/\/www.anssisaiha.fi\/wp-content\/uploads\/2025\/05\/ROOLIT_20250529_185851_0004.png\" data-orig-src=\"https:\/\/www.anssisaiha.fi\/wp-content\/uploads\/2025\/05\/ROOLIT_20250529_185851_0004.png\" width=\"1080\" height=\"1350\" class=\"lazyload wp-image-1486\" srcset=\"data:image\/svg+xml,%3Csvg%20xmlns%3D%27http%3A%2F%2Fwww.w3.org%2F2000%2Fsvg%27%20width%3D%271080%27%20height%3D%271350%27%20viewBox%3D%270%200%201080%201350%27%3E%3Crect%20width%3D%271080%27%20height%3D%271350%27%20fill-opacity%3D%220%22%2F%3E%3C%2Fsvg%3E\" data-srcset=\"https:\/\/www.anssisaiha.fi\/wp-content\/uploads\/2025\/05\/ROOLIT_20250529_185851_0004-200x250.png 200w, https:\/\/www.anssisaiha.fi\/wp-content\/uploads\/2025\/05\/ROOLIT_20250529_185851_0004-400x500.png 400w, https:\/\/www.anssisaiha.fi\/wp-content\/uploads\/2025\/05\/ROOLIT_20250529_185851_0004-600x750.png 600w, https:\/\/www.anssisaiha.fi\/wp-content\/uploads\/2025\/05\/ROOLIT_20250529_185851_0004-800x1000.png 800w, https:\/\/www.anssisaiha.fi\/wp-content\/uploads\/2025\/05\/ROOLIT_20250529_185851_0004.png 1080w\" data-sizes=\"auto\" data-orig-sizes=\"(max-width: 900px) 100vw, 1080px\" \/><\/span><\/li><li class=\"image\"><span class=\"lazyload fusion-image-hover-element hover-type-none\"><img decoding=\"async\" src=\"https:\/\/www.anssisaiha.fi\/wp-content\/uploads\/2025\/05\/ROOLIT_20250529_185851_0005.png\" data-orig-src=\"https:\/\/www.anssisaiha.fi\/wp-content\/uploads\/2025\/05\/ROOLIT_20250529_185851_0005.png\" width=\"1080\" height=\"1350\" class=\"lazyload wp-image-1487\" srcset=\"data:image\/svg+xml,%3Csvg%20xmlns%3D%27http%3A%2F%2Fwww.w3.org%2F2000%2Fsvg%27%20width%3D%271080%27%20height%3D%271350%27%20viewBox%3D%270%200%201080%201350%27%3E%3Crect%20width%3D%271080%27%20height%3D%271350%27%20fill-opacity%3D%220%22%2F%3E%3C%2Fsvg%3E\" data-srcset=\"https:\/\/www.anssisaiha.fi\/wp-content\/uploads\/2025\/05\/ROOLIT_20250529_185851_0005-200x250.png 200w, https:\/\/www.anssisaiha.fi\/wp-content\/uploads\/2025\/05\/ROOLIT_20250529_185851_0005-400x500.png 400w, https:\/\/www.anssisaiha.fi\/wp-content\/uploads\/2025\/05\/ROOLIT_20250529_185851_0005-600x750.png 600w, https:\/\/www.anssisaiha.fi\/wp-content\/uploads\/2025\/05\/ROOLIT_20250529_185851_0005-800x1000.png 800w, https:\/\/www.anssisaiha.fi\/wp-content\/uploads\/2025\/05\/ROOLIT_20250529_185851_0005.png 1080w\" data-sizes=\"auto\" data-orig-sizes=\"(max-width: 900px) 100vw, 1080px\" \/><\/span><\/li><li class=\"image\"><span class=\"lazyload fusion-image-hover-element hover-type-none\"><img decoding=\"async\" src=\"https:\/\/www.anssisaiha.fi\/wp-content\/uploads\/2025\/05\/ROOLIT_20250529_185851_0006.png\" data-orig-src=\"https:\/\/www.anssisaiha.fi\/wp-content\/uploads\/2025\/05\/ROOLIT_20250529_185851_0006.png\" width=\"1080\" height=\"1350\" class=\"lazyload wp-image-1488\" srcset=\"data:image\/svg+xml,%3Csvg%20xmlns%3D%27http%3A%2F%2Fwww.w3.org%2F2000%2Fsvg%27%20width%3D%271080%27%20height%3D%271350%27%20viewBox%3D%270%200%201080%201350%27%3E%3Crect%20width%3D%271080%27%20height%3D%271350%27%20fill-opacity%3D%220%22%2F%3E%3C%2Fsvg%3E\" data-srcset=\"https:\/\/www.anssisaiha.fi\/wp-content\/uploads\/2025\/05\/ROOLIT_20250529_185851_0006-200x250.png 200w, https:\/\/www.anssisaiha.fi\/wp-content\/uploads\/2025\/05\/ROOLIT_20250529_185851_0006-400x500.png 400w, https:\/\/www.anssisaiha.fi\/wp-content\/uploads\/2025\/05\/ROOLIT_20250529_185851_0006-600x750.png 600w, https:\/\/www.anssisaiha.fi\/wp-content\/uploads\/2025\/05\/ROOLIT_20250529_185851_0006-800x1000.png 800w, https:\/\/www.anssisaiha.fi\/wp-content\/uploads\/2025\/05\/ROOLIT_20250529_185851_0006.png 1080w\" data-sizes=\"auto\" data-orig-sizes=\"(max-width: 900px) 100vw, 1080px\" \/><\/span><\/li><\/ul><\/div><div class=\"fusion-button-wrapper fusion-aligncenter\"><a class=\"fusion-button button-flat fusion-button-default-size button-custom fusion-button-default button-1 fusion-button-default-span fusion-button-default-type\" style=\"--button_accent_color:var(--awb-color8);--button_border_color:#000000;--button_accent_hover_color:var(--awb-color1);--button_border_hover_color:var(--awb-color1);--button_border_width-top:1px;--button_border_width-right:1px;--button_border_width-bottom:1px;--button_border_width-left:1px;--button_gradient_top_color:var(--awb-color1);--button_gradient_bottom_color:var(--awb-color1);--button_gradient_top_color_hover:var(--awb-color8);--button_gradient_bottom_color_hover:var(--awb-color8);\" target=\"lightbox\" rel=\"iLightbox\" title=\"Lataa PDF\" aria-label=\"Lataa PDF\" href=\"https:\/\/www.anssisaiha.fi\/wp-content\/uploads\/2025\/05\/ROOLIT_20250529_190214_0000.pdf\"><span class=\"fusion-button-text awb-button__text awb-button__text--default\">Lataa PDF<\/span><\/a><\/div><\/div><\/div><\/div><\/div><div class=\"fusion-fullwidth fullwidth-box fusion-builder-row-3 fusion-flex-container nonhundred-percent-fullwidth non-hundred-percent-height-scrolling\" style=\"--awb-border-radius-top-left:0px;--awb-border-radius-top-right:0px;--awb-border-radius-bottom-right:0px;--awb-border-radius-bottom-left:0px;--awb-flex-wrap:wrap;\" ><div class=\"fusion-builder-row fusion-row fusion-flex-align-items-flex-start fusion-flex-content-wrap\" style=\"max-width:1248px;margin-left: calc(-4% \/ 2 );margin-right: calc(-4% \/ 2 );\"><\/div><\/div><\/p>\n","protected":false},"excerpt":{"rendered":"","protected":false},"author":1,"featured_media":0,"parent":1360,"menu_order":0,"comment_status":"closed","ping_status":"open","template":"100-width.php","meta":{"_acf_changed":false,"footnotes":""},"class_list":["post-1480","page","type-page","status-publish","hentry"],"acf":[],"_links":{"self":[{"href":"https:\/\/www.anssisaiha.fi\/index.php\/wp-json\/wp\/v2\/pages\/1480","targetHints":{"allow":["GET"]}}],"collection":[{"href":"https:\/\/www.anssisaiha.fi\/index.php\/wp-json\/wp\/v2\/pages"}],"about":[{"href":"https:\/\/www.anssisaiha.fi\/index.php\/wp-json\/wp\/v2\/types\/page"}],"author":[{"embeddable":true,"href":"https:\/\/www.anssisaiha.fi\/index.php\/wp-json\/wp\/v2\/users\/1"}],"replies":[{"embeddable":true,"href":"https:\/\/www.anssisaiha.fi\/index.php\/wp-json\/wp\/v2\/comments?post=1480"}],"version-history":[{"count":15,"href":"https:\/\/www.anssisaiha.fi\/index.php\/wp-json\/wp\/v2\/pages\/1480\/revisions"}],"predecessor-version":[{"id":1504,"href":"https:\/\/www.anssisaiha.fi\/index.php\/wp-json\/wp\/v2\/pages\/1480\/revisions\/1504"}],"up":[{"embeddable":true,"href":"https:\/\/www.anssisaiha.fi\/index.php\/wp-json\/wp\/v2\/pages\/1360"}],"wp:attachment":[{"href":"https:\/\/www.anssisaiha.fi\/index.php\/wp-json\/wp\/v2\/media?parent=1480"}],"curies":[{"name":"wp","href":"https:\/\/api.w.org\/{rel}","templated":true}]}}