{"id":48,"date":"2023-07-07T16:27:25","date_gmt":"2023-07-07T16:27:25","guid":{"rendered":"https:\/\/www.anssisaiha.fi\/?page_id=48"},"modified":"2025-03-18T09:56:30","modified_gmt":"2025-03-18T09:56:30","slug":"tutustu-minuun","status":"publish","type":"page","link":"https:\/\/www.anssisaiha.fi\/index.php\/tutustu-minuun\/","title":{"rendered":"Tutustu minuun"},"content":{"rendered":"<p><div class=\"fusion-fullwidth fullwidth-box fusion-builder-row-1 fusion-flex-container has-pattern-background has-mask-background nonhundred-percent-fullwidth non-hundred-percent-height-scrolling\" style=\"--awb-border-radius-top-left:0px;--awb-border-radius-top-right:0px;--awb-border-radius-bottom-right:0px;--awb-border-radius-bottom-left:0px;--awb-padding-top:50px;--awb-padding-bottom:0px;--awb-padding-top-small:100px;--awb-padding-bottom-small:100px;--awb-flex-wrap:wrap;\" ><div class=\"fusion-builder-row fusion-row fusion-flex-align-items-flex-start fusion-flex-content-wrap\" style=\"max-width:1248px;margin-left: calc(-4% \/ 2 );margin-right: calc(-4% \/ 2 );\"><div class=\"fusion-layout-column fusion_builder_column fusion-builder-column-0 fusion_builder_column_1_1 1_1 fusion-flex-column\" style=\"--awb-bg-size:cover;--awb-width-large:100%;--awb-margin-top-large:0px;--awb-spacing-right-large:1.92%;--awb-margin-bottom-large:0px;--awb-spacing-left-large:1.92%;--awb-width-medium:100%;--awb-order-medium:0;--awb-spacing-right-medium:1.92%;--awb-spacing-left-medium:1.92%;--awb-width-small:100%;--awb-order-small:0;--awb-spacing-right-small:1.92%;--awb-spacing-left-small:1.92%;\"><div class=\"fusion-column-wrapper fusion-column-has-shadow fusion-flex-justify-content-flex-start fusion-content-layout-column\"><div class=\"fusion-title title fusion-title-1 fusion-sep-none fusion-title-center fusion-title-text fusion-title-size-one\" style=\"--awb-margin-top-small:10px;--awb-margin-right-small:0px;--awb-margin-bottom-small:10px;--awb-margin-left-small:0px;\"><h1 class=\"fusion-title-heading title-heading-center fusion-responsive-typography-calculated\" style=\"margin:0;--fontSize:73;line-height:var(--awb-typography1-line-height);\">Kuka min\u00e4 olen?<\/h1><\/div><\/div><\/div><\/div><\/div><div class=\"fusion-fullwidth fullwidth-box fusion-builder-row-2 fusion-flex-container has-pattern-background has-mask-background nonhundred-percent-fullwidth non-hundred-percent-height-scrolling fusion-animated\" style=\"--awb-border-radius-top-left:0px;--awb-border-radius-top-right:0px;--awb-border-radius-bottom-right:0px;--awb-border-radius-bottom-left:0px;--awb-margin-bottom:125px;--awb-margin-bottom-medium:90px;--awb-margin-bottom-small:0px;--awb-flex-wrap:wrap;\" data-animationType=\"fadeInUp\" data-animationDuration=\"1.3\" data-animationOffset=\"top-into-view\" ><div class=\"fusion-builder-row fusion-row fusion-flex-align-items-stretch fusion-flex-content-wrap\" style=\"max-width:calc( 1200px + 120px );margin-left: calc(-120px \/ 2 );margin-right: calc(-120px \/ 2 );\"><div class=\"fusion-layout-column fusion_builder_column fusion-builder-column-1 fusion_builder_column_1_2 1_2 fusion-flex-column\" style=\"--awb-bg-position:center center;--awb-bg-size:cover;--awb-width-large:50%;--awb-margin-top-large:0px;--awb-spacing-right-large:117px;--awb-margin-bottom-large:0px;--awb-spacing-left-large:0px;--awb-width-medium:50%;--awb-order-medium:0;--awb-spacing-right-medium:117px;--awb-spacing-left-medium:0px;--awb-width-small:100%;--awb-order-small:0;--awb-spacing-right-small:60px;--awb-spacing-left-small:60px;\"><div class=\"fusion-column-wrapper lazyload fusion-column-has-shadow fusion-flex-justify-content-center fusion-content-layout-row fusion-flex-align-items-flex-end fusion-empty-column-bg-image fusion-column-has-bg-image\" data-bg-url=\"https:\/\/www.anssisaiha.fi\/wp-content\/uploads\/2025\/01\/anssi2-800x1200.jpg\" data-bg=\"https:\/\/www.anssisaiha.fi\/wp-content\/uploads\/2025\/01\/anssi2-800x1200.jpg\"><img decoding=\"async\" class=\"fusion-empty-dims-img-placeholder fusion-no-large-visibility fusion-no-medium-visibility\" aria-label=\"anssi2\" src=\"data:image\/svg+xml,%3Csvg%20xmlns%3D%27http%3A%2F%2Fwww.w3.org%2F2000%2Fsvg%27%20width%3D%27800%27%20height%3D%271200%27%20viewBox%3D%270%200%20800%201200%27%3E%3Crect%20width%3D%27800%27%20height%3D%271200%27%20fill-opacity%3D%220%22%2F%3E%3C%2Fsvg%3E\"><\/div><\/div><div class=\"fusion-layout-column fusion_builder_column fusion-builder-column-2 fusion_builder_column_1_2 1_2 fusion-flex-column\" style=\"--awb-padding-top:110px;--awb-padding-right:79px;--awb-padding-bottom:110px;--awb-padding-right-medium:0px;--awb-padding-top-small:50px;--awb-padding-bottom-small:80px;--awb-bg-size:cover;--awb-width-large:50%;--awb-margin-top-large:0px;--awb-spacing-right-large:60px;--awb-margin-bottom-large:0px;--awb-spacing-left-large:60px;--awb-width-medium:50%;--awb-order-medium:0;--awb-spacing-right-medium:60px;--awb-spacing-left-medium:60px;--awb-width-small:100%;--awb-order-small:0;--awb-spacing-right-small:60px;--awb-spacing-left-small:60px;\"><div class=\"fusion-column-wrapper fusion-column-has-shadow fusion-flex-justify-content-flex-start fusion-content-layout-column\"><div class=\"fusion-title title fusion-title-2 fusion-sep-none fusion-title-text fusion-title-size-three\" style=\"--awb-margin-bottom:25px;--awb-margin-top-small:10px;--awb-margin-right-small:0px;--awb-margin-bottom-small:10px;--awb-margin-left-small:0px;\"><h3 class=\"fusion-title-heading title-heading-left fusion-responsive-typography-calculated\" style=\"margin:0;--fontSize:40;line-height:var(--awb-typography1-line-height);\">Is\u00e4, lapsi, yst\u00e4v\u00e4<\/h3><\/div><div class=\"fusion-text fusion-text-1 fusion-text-no-margin\" style=\"--awb-margin-bottom:35px;\"><p>Olen is\u00e4, joka asuu perheineen rauhallisella alueella Muuramen Kinkomaalla ja k\u00e4y yll\u00e4pit\u00e4m\u00e4ss\u00e4 kuntoaan usein Keljonkankaan kuntosalilla.<\/p>\n<p>Olen lapsi ja yst\u00e4v\u00e4, joka k\u00e4y Porissa katsomassa &#8211; v\u00e4h\u00e4n liian harvoin &#8211; perhett\u00e4\u00e4n ja yst\u00e4vi\u00e4\u00e4n.<\/p>\n<p><span style=\"background-color: var(--awb-bg-color-medium-hover); color: var(--awb-text-color); font-family: var(--awb-text-font-family); font-size: var(--awb-font-size); font-style: var(--awb-text-font-style); font-weight: var(--awb-text-font-weight); letter-spacing: var(--awb-letter-spacing); text-align: var(--awb-content-alignment); text-transform: var(--awb-text-transform);\">Olen tiedonjanoinen ja luettuani Aivovoimaa-kirjan, havahduin asiasta sen verran voimakkaasti, ett\u00e4 kehitin siit\u00e4 kokop\u00e4iv\u00e4koulutuksen. Kirja todellakin avasi silm\u00e4ni, mutta oli samalla my\u00f6s matka minuun itseeni &#8211; miksi esimerkiksi turbulenssit tai paloh\u00e4lytin eiv\u00e4t aiheuta minussa ollenkaan h\u00e4d\u00e4ntunnetta? Nyt tied\u00e4n. <\/span><\/p>\n<p><span style=\"background-color: var(--awb-bg-color-medium-hover); color: var(--awb-text-color); font-family: var(--awb-text-font-family); font-size: var(--awb-font-size); font-style: var(--awb-text-font-style); font-weight: var(--awb-text-font-weight); letter-spacing: var(--awb-letter-spacing); text-align: var(--awb-content-alignment); text-transform: var(--awb-text-transform);\">Olen kaikkea t\u00e4t\u00e4, mutta olen my\u00f6s onnekas. Olen onnekas ja kiitollinen, ett\u00e4 olen l\u00f6yt\u00e4nyt el\u00e4m\u00e4\u00e4ni perheeni lis\u00e4ksi muutakin merkityksellisyytt\u00e4 ja paloa, jonka eteen haluan tehd\u00e4 joka ikinen p\u00e4iv\u00e4 t\u00f6it\u00e4. Minulla on sis\u00e4inen missio, jota olen nyt suorittamassa. T\u00e4m\u00e4 on el\u00e4m\u00e4, joka on minua varten.<\/span><\/p>\n<\/div><\/div><\/div><\/div><\/div><div class=\"fusion-fullwidth fullwidth-box fusion-builder-row-3 fusion-flex-container has-pattern-background has-mask-background nonhundred-percent-fullwidth non-hundred-percent-height-scrolling fusion-animated\" style=\"--awb-border-radius-top-left:0px;--awb-border-radius-top-right:0px;--awb-border-radius-bottom-right:0px;--awb-border-radius-bottom-left:0px;--awb-margin-bottom:125px;--awb-margin-bottom-medium:90px;--awb-margin-bottom-small:0px;--awb-flex-wrap:wrap;\" data-animationType=\"fadeInUp\" data-animationDuration=\"1.3\" data-animationOffset=\"top-into-view\" ><div class=\"fusion-builder-row fusion-row fusion-flex-align-items-stretch fusion-flex-content-wrap\" style=\"max-width:calc( 1200px + 120px );margin-left: calc(-120px \/ 2 );margin-right: calc(-120px \/ 2 );\"><div class=\"fusion-layout-column fusion_builder_column fusion-builder-column-3 fusion_builder_column_1_2 1_2 fusion-flex-column\" style=\"--awb-padding-top:110px;--awb-padding-right:79px;--awb-padding-bottom:110px;--awb-padding-right-medium:0px;--awb-padding-top-small:50px;--awb-padding-bottom-small:80px;--awb-bg-size:cover;--awb-width-large:50%;--awb-margin-top-large:0px;--awb-spacing-right-large:60px;--awb-margin-bottom-large:0px;--awb-spacing-left-large:60px;--awb-width-medium:50%;--awb-order-medium:0;--awb-spacing-right-medium:60px;--awb-spacing-left-medium:60px;--awb-width-small:100%;--awb-order-small:1;--awb-spacing-right-small:60px;--awb-spacing-left-small:60px;\"><div class=\"fusion-column-wrapper fusion-column-has-shadow fusion-flex-justify-content-flex-start fusion-content-layout-column\"><div class=\"fusion-title title fusion-title-3 fusion-sep-none fusion-title-text fusion-title-size-three\" style=\"--awb-margin-bottom:25px;--awb-margin-top-small:10px;--awb-margin-right-small:0px;--awb-margin-bottom-small:10px;--awb-margin-left-small:0px;\"><h3 class=\"fusion-title-heading title-heading-left fusion-responsive-typography-calculated\" style=\"margin:0;--fontSize:40;line-height:var(--awb-typography1-line-height);\"><p style=\"text-align: left;\">Opettaja, neuvoja, kouluttaja<\/p><\/h3><\/div><div class=\"fusion-text fusion-text-2 fusion-text-no-margin\" style=\"--awb-margin-bottom:35px;\"><p>Olen my\u00f6s varhaiskasvatuksen opettaja, liikuntaneuvoja, kouluttaja ja jalkapalloel\u00e4kel\u00e4inen, jolla on syd\u00e4n t\u00e4ynn\u00e4 intoa edist\u00e4\u00e4 lasten liikunnan iloa ja hyvinvointia. Haluan tuoda liikunnan selke\u00e4mm\u00e4ksi osaksi p\u00e4iv\u00e4kotien arkea ja n\u00e4ytt\u00e4\u00e4 ihmisille, miten pienill\u00e4kin muutoksilla voi olla merkitt\u00e4v\u00e4 vaikutus lasten kehitykseen ja kasvuun. Pienill\u00e4kin muutoksilla voimme integroida liikkumisen sujuvammaksi osaksi p\u00e4iv\u00e4kotien kiireellist\u00e4 arkea. Tavoitteeni on lis\u00e4t\u00e4 kasvattajien tietoisuutta ja innostusta liikunnan merkityksest\u00e4 ja antaa konkreettisia keinoja, joilla jokainen kasvattaja voi olla merkityksellinen liikuttaja.<\/p>\n<\/div><\/div><\/div><div class=\"fusion-layout-column fusion_builder_column fusion-builder-column-4 fusion_builder_column_1_2 1_2 fusion-flex-column\" style=\"--awb-bg-position:center center;--awb-bg-size:cover;--awb-width-large:50%;--awb-margin-top-large:0px;--awb-spacing-right-large:60px;--awb-margin-bottom-large:0px;--awb-spacing-left-large:60px;--awb-width-medium:50%;--awb-order-medium:0;--awb-spacing-right-medium:60px;--awb-spacing-left-medium:60px;--awb-width-small:100%;--awb-order-small:0;--awb-spacing-right-small:60px;--awb-spacing-left-small:60px;\"><div class=\"fusion-column-wrapper lazyload fusion-column-has-shadow fusion-flex-justify-content-flex-end fusion-content-layout-row fusion-flex-align-items-flex-end fusion-empty-column-bg-image fusion-column-has-bg-image\" data-bg-url=\"https:\/\/www.anssisaiha.fi\/wp-content\/uploads\/2025\/01\/Anssi3-800x1199.jpg\" data-bg=\"https:\/\/www.anssisaiha.fi\/wp-content\/uploads\/2025\/01\/Anssi3-800x1199.jpg\"><img decoding=\"async\" class=\"fusion-empty-dims-img-placeholder fusion-no-large-visibility fusion-no-medium-visibility\" aria-label=\"Anssi3\" src=\"data:image\/svg+xml,%3Csvg%20xmlns%3D%27http%3A%2F%2Fwww.w3.org%2F2000%2Fsvg%27%20width%3D%27800%27%20height%3D%271199%27%20viewBox%3D%270%200%20800%201199%27%3E%3Crect%20width%3D%27800%27%20height%3D%271199%27%20fill-opacity%3D%220%22%2F%3E%3C%2Fsvg%3E\"><\/div><\/div><\/div><\/div><div class=\"fusion-fullwidth fullwidth-box fusion-builder-row-4 fusion-flex-container has-pattern-background has-mask-background nonhundred-percent-fullwidth non-hundred-percent-height-scrolling fusion-animated\" style=\"--awb-border-radius-top-left:0px;--awb-border-radius-top-right:0px;--awb-border-radius-bottom-right:0px;--awb-border-radius-bottom-left:0px;--awb-margin-bottom:125px;--awb-margin-bottom-medium:90px;--awb-margin-bottom-small:0px;--awb-flex-wrap:wrap;\" data-animationType=\"fadeInUp\" data-animationDuration=\"1.3\" data-animationOffset=\"top-into-view\" ><div class=\"fusion-builder-row fusion-row fusion-flex-align-items-stretch fusion-flex-content-wrap\" style=\"max-width:calc( 1200px + 120px );margin-left: calc(-120px \/ 2 );margin-right: calc(-120px \/ 2 );\"><div class=\"fusion-layout-column fusion_builder_column fusion-builder-column-5 fusion_builder_column_1_2 1_2 fusion-flex-column\" style=\"--awb-bg-position:center center;--awb-bg-size:cover;--awb-width-large:50%;--awb-margin-top-large:0px;--awb-spacing-right-large:117px;--awb-margin-bottom-large:0px;--awb-spacing-left-large:0px;--awb-width-medium:50%;--awb-order-medium:0;--awb-spacing-right-medium:117px;--awb-spacing-left-medium:0px;--awb-width-small:100%;--awb-order-small:0;--awb-spacing-right-small:60px;--awb-spacing-left-small:60px;\"><div class=\"fusion-column-wrapper lazyload fusion-column-has-shadow fusion-flex-justify-content-center fusion-content-layout-row fusion-flex-align-items-flex-end fusion-empty-column-bg-image fusion-column-has-bg-image\" data-bg-url=\"https:\/\/www.anssisaiha.fi\/wp-content\/uploads\/2025\/03\/Anssi1-1200x8012-1.jpg\" data-bg=\"https:\/\/www.anssisaiha.fi\/wp-content\/uploads\/2025\/03\/Anssi1-1200x8012-1.jpg\"><img decoding=\"async\" class=\"fusion-empty-dims-img-placeholder fusion-no-large-visibility fusion-no-medium-visibility\" aria-label=\"Anssi1-1200&#215;8012\" src=\"data:image\/svg+xml,%3Csvg%20xmlns%3D%27http%3A%2F%2Fwww.w3.org%2F2000%2Fsvg%27%20width%3D%27540%27%20height%3D%27801%27%20viewBox%3D%270%200%20540%20801%27%3E%3Crect%20width%3D%27540%27%20height%3D%27801%27%20fill-opacity%3D%220%22%2F%3E%3C%2Fsvg%3E\"><\/div><\/div><div class=\"fusion-layout-column fusion_builder_column fusion-builder-column-6 fusion_builder_column_1_2 1_2 fusion-flex-column\" style=\"--awb-padding-top:110px;--awb-padding-right:79px;--awb-padding-bottom:110px;--awb-padding-right-medium:0px;--awb-padding-top-small:50px;--awb-padding-bottom-small:80px;--awb-bg-size:cover;--awb-width-large:50%;--awb-margin-top-large:0px;--awb-spacing-right-large:60px;--awb-margin-bottom-large:0px;--awb-spacing-left-large:60px;--awb-width-medium:50%;--awb-order-medium:0;--awb-spacing-right-medium:60px;--awb-spacing-left-medium:60px;--awb-width-small:100%;--awb-order-small:0;--awb-spacing-right-small:60px;--awb-spacing-left-small:60px;\"><div class=\"fusion-column-wrapper fusion-column-has-shadow fusion-flex-justify-content-flex-start fusion-content-layout-column\"><div class=\"fusion-title title fusion-title-4 fusion-sep-none fusion-title-text fusion-title-size-three\" style=\"--awb-margin-bottom:25px;--awb-margin-top-small:10px;--awb-margin-right-small:0px;--awb-margin-bottom-small:10px;--awb-margin-left-small:0px;\"><h3 class=\"fusion-title-heading title-heading-left fusion-responsive-typography-calculated\" style=\"margin:0;--fontSize:40;line-height:var(--awb-typography1-line-height);\">Liikunnan puolestapuhuja<\/h3><\/div><div class=\"fusion-text fusion-text-3 fusion-text-no-margin\" style=\"--awb-margin-bottom:35px;\"><p>Jokainen lapsi ansaitsee kasvaa ymp\u00e4rist\u00f6ss\u00e4, jossa h\u00e4nen psykologiset perustarpeensa huomioidaan ja h\u00e4nen liikkumisensa ja oppimisensa saavat kukoistaa. Lis\u00e4ksi jokainen kunta ansaitsee tukea pysyv\u00e4n liikuntakulttuurin muodostamiseen ja juurruttamiseen, jokainen johtaja ansaitsee sparrausta liikunnallisen kulttuurin johtamisessa sek\u00e4 muutosjohtamisessa ja jokainen kasvattaja ansaitsee k\u00e4yt\u00e4nn\u00f6nl\u00e4heisi\u00e4 ty\u00f6kaluja, jotka tekev\u00e4t liikunnan mahdollistamisesta luontevan osan arkea.<\/p>\n<p>Tyylini on ottaa asiat tosissaan, mutta ei vakavasti. Olen helposti l\u00e4hestytt\u00e4v\u00e4 ja humoristinen ja uskonkin, ett\u00e4 pilke silm\u00e4kulmassa ja positiivinen ajattelu ovat avain onneen ja oppimiseen. Haluan tarjota konkreettisia, arkeen sovellettavia ratkaisuja, jotka tuntuvat oikeasti hy\u00f6dyllisilt\u00e4. Keinoja, joilla kirjoitetut asiakirjat ja strategiat tuodaan osaksi arkea. Olen kouluttaja ja tuki, joka ei vain puhu teoriasta, vaan auttaa l\u00f6yt\u00e4m\u00e4\u00e4n yksinkertaisia ja toimivia, kest\u00e4vi\u00e4 ratkaisuja kasvattajan arkeen. Peilaan k\u00e4sitelt\u00e4vi\u00e4 asioita aina osaksi kasvattajan arkea, jotta kuulijan kosketuspinta k\u00e4sitelt\u00e4v\u00e4\u00e4n aiheeseen olisi mahdollisimman laaja.<\/p>\n<p><span style=\"color: var(--awb-text-color); font-family: var(--awb-text-font-family); font-size: var(--awb-font-size); font-style: var(--awb-text-font-style); font-weight: var(--awb-text-font-weight); letter-spacing: var(--awb-letter-spacing); text-align: var(--awb-content-alignment); text-transform: var(--awb-text-transform); background-color: var(--awb-bg-color-medium-hover);\">Joka kohtaamisessa piilee mahdollisuus vaikuttaa ja antaa jotain arvokasta \u2013 niin lapsille kuin kollegoillekin<\/span><span style=\"background-color: var(--awb-bg-color-medium-hover); color: var(--awb-text-color); font-family: var(--awb-text-font-family); font-size: var(--awb-font-size); font-style: var(--awb-text-font-style); font-weight: var(--awb-text-font-weight); letter-spacing: var(--awb-letter-spacing); text-align: var(--awb-content-alignment); text-transform: var(--awb-text-transform);\">.<\/span><\/p>\n<\/div><\/div><\/div><\/div><\/div><\/p>\n","protected":false},"excerpt":{"rendered":"","protected":false},"author":1,"featured_media":0,"parent":0,"menu_order":0,"comment_status":"closed","ping_status":"closed","template":"100-width.php","meta":{"_acf_changed":false,"footnotes":""},"class_list":["post-48","page","type-page","status-publish","hentry"],"acf":[],"_links":{"self":[{"href":"https:\/\/www.anssisaiha.fi\/index.php\/wp-json\/wp\/v2\/pages\/48","targetHints":{"allow":["GET"]}}],"collection":[{"href":"https:\/\/www.anssisaiha.fi\/index.php\/wp-json\/wp\/v2\/pages"}],"about":[{"href":"https:\/\/www.anssisaiha.fi\/index.php\/wp-json\/wp\/v2\/types\/page"}],"author":[{"embeddable":true,"href":"https:\/\/www.anssisaiha.fi\/index.php\/wp-json\/wp\/v2\/users\/1"}],"replies":[{"embeddable":true,"href":"https:\/\/www.anssisaiha.fi\/index.php\/wp-json\/wp\/v2\/comments?post=48"}],"version-history":[{"count":32,"href":"https:\/\/www.anssisaiha.fi\/index.php\/wp-json\/wp\/v2\/pages\/48\/revisions"}],"predecessor-version":[{"id":1402,"href":"https:\/\/www.anssisaiha.fi\/index.php\/wp-json\/wp\/v2\/pages\/48\/revisions\/1402"}],"wp:attachment":[{"href":"https:\/\/www.anssisaiha.fi\/index.php\/wp-json\/wp\/v2\/media?parent=48"}],"curies":[{"name":"wp","href":"https:\/\/api.w.org\/{rel}","templated":true}]}}